{"id":179,"date":"2021-08-05T11:42:56","date_gmt":"2021-08-05T11:42:56","guid":{"rendered":"https:\/\/www.apparthotelvictoria.com\/nos-chambres\/lappart-classique\/"},"modified":"2023-10-30T16:43:12","modified_gmt":"2023-10-30T16:43:12","slug":"lappart-classique","status":"publish","type":"page","link":"https:\/\/www.apparthotelvictoria.com\/en\/nos-chambres\/lappart-classique\/","title":{"rendered":"The Classic Apartment"},"content":{"rendered":"<p style=\"text-align: center\"><strong>The classic apartment<\/strong>, with an area of 13 &#8211; 14 m\u00b2, for 2 people, combines comfort and functionality.<\/p>\n<p style=\"text-align: center\">These apartments have a quality bed with a 140 x 200 cm mattress, allowing you to have a real living space during your stay.<\/p>\n<p style=\"text-align: center\">These apartments all consist of an equipped kitchenette (microwave, coffee maker, kettle, fridge, storage), a bathroom with shower and WC, a SmartTV and air conditioning.<\/p>\n","protected":false},"excerpt":{"rendered":"<p>The classic apartment, with an area of 13 &#8211; 14 m\u00b2, for 2 people, combines [&hellip;]<\/p>\n","protected":false},"author":46,"featured_media":0,"parent":178,"menu_order":210,"comment_status":"closed","ping_status":"closed","template":"template-single-room.php","meta":{"footnotes":""},"class_list":["post-179","page","type-page","status-publish","hentry"],"yoast_head":"<!-- This site is optimized with the Yoast SEO plugin v26.9 - https:\/\/yoast.com\/product\/yoast-seo-wordpress\/ -->\n<title>Appart H\u00f4tel Victoria vous propose des chambres doubles avec canap\u00e9 lit<\/title>\n<meta name=\"description\" content=\"Chambre, appart double avec canap\u00e9 lit, v\u00e9ritable matelas h\u00f4telier confortable. Kitchenette dans la chambre avec salle de bain priv\u00e9e. Id\u00e9al pour une ou deux personnes, espace de vie gr\u00e2ce au canap\u00e9 lit.\" \/>\n<meta name=\"robots\" content=\"index, follow, max-snippet:-1, max-image-preview:large, max-video-preview:-1\" \/>\n<link rel=\"canonical\" href=\"https:\/\/www.apparthotelvictoria.com\/en\/nos-chambres\/lappart-classique\/\" \/>\n<meta property=\"og:locale\" content=\"en_US\" \/>\n<meta property=\"og:type\" content=\"article\" \/>\n<meta property=\"og:title\" content=\"Appart H\u00f4tel Victoria vous propose des chambres doubles avec canap\u00e9 lit\" \/>\n<meta property=\"og:description\" content=\"Chambre, appart double avec canap\u00e9 lit, v\u00e9ritable matelas h\u00f4telier confortable. Kitchenette dans la chambre avec salle de bain priv\u00e9e. Id\u00e9al pour une ou deux personnes, espace de vie gr\u00e2ce au canap\u00e9 lit.\" \/>\n<meta property=\"og:url\" content=\"https:\/\/www.apparthotelvictoria.com\/en\/nos-chambres\/lappart-classique\/\" \/>\n<meta property=\"og:site_name\" content=\"Appart Hotel Victoria\" \/>\n<meta property=\"article:modified_time\" content=\"2023-10-30T16:43:12+00:00\" \/>\n<meta name=\"twitter:card\" content=\"summary_large_image\" \/>\n<meta name=\"twitter:label1\" content=\"Est. reading time\" \/>\n\t<meta name=\"twitter:data1\" content=\"1 minute\" \/>\n<script type=\"application\/ld+json\" class=\"yoast-schema-graph\">{\"@context\":\"https:\/\/schema.org\",\"@graph\":[{\"@type\":\"WebPage\",\"@id\":\"https:\/\/www.apparthotelvictoria.com\/en\/nos-chambres\/lappart-classique\/\",\"url\":\"https:\/\/www.apparthotelvictoria.com\/en\/nos-chambres\/lappart-classique\/\",\"name\":\"Appart H\u00f4tel Victoria vous propose des chambres doubles avec canap\u00e9 lit\",\"isPartOf\":{\"@id\":\"https:\/\/www.apparthotelvictoria.com\/en\/#website\"},\"datePublished\":\"2021-08-05T11:42:56+00:00\",\"dateModified\":\"2023-10-30T16:43:12+00:00\",\"description\":\"Chambre, appart double avec canap\u00e9 lit, v\u00e9ritable matelas h\u00f4telier confortable. Kitchenette dans la chambre avec salle de bain priv\u00e9e. Id\u00e9al pour une ou deux personnes, espace de vie gr\u00e2ce au canap\u00e9 lit.\",\"breadcrumb\":{\"@id\":\"https:\/\/www.apparthotelvictoria.com\/en\/nos-chambres\/lappart-classique\/#breadcrumb\"},\"inLanguage\":\"en-US\",\"potentialAction\":[{\"@type\":\"ReadAction\",\"target\":[\"https:\/\/www.apparthotelvictoria.com\/en\/nos-chambres\/lappart-classique\/\"]}]},{\"@type\":\"BreadcrumbList\",\"@id\":\"https:\/\/www.apparthotelvictoria.com\/en\/nos-chambres\/lappart-classique\/#breadcrumb\",\"itemListElement\":[{\"@type\":\"ListItem\",\"position\":1,\"name\":\"Home\",\"item\":\"https:\/\/www.apparthotelvictoria.com\/en\/\"},{\"@type\":\"ListItem\",\"position\":2,\"name\":\"Our rooms\",\"item\":\"https:\/\/www.apparthotelvictoria.com\/en\/nos-chambres\/\"},{\"@type\":\"ListItem\",\"position\":3,\"name\":\"The Classic Apartment\"}]},{\"@type\":\"WebSite\",\"@id\":\"https:\/\/www.apparthotelvictoria.com\/en\/#website\",\"url\":\"https:\/\/www.apparthotelvictoria.com\/en\/\",\"name\":\"Appart Hotel Victoria\",\"description\":\"\",\"potentialAction\":[{\"@type\":\"SearchAction\",\"target\":{\"@type\":\"EntryPoint\",\"urlTemplate\":\"https:\/\/www.apparthotelvictoria.com\/en\/?s={search_term_string}\"},\"query-input\":{\"@type\":\"PropertyValueSpecification\",\"valueRequired\":true,\"valueName\":\"search_term_string\"}}],\"inLanguage\":\"en-US\"}]}<\/script>\n<!-- \/ Yoast SEO plugin. -->","yoast_head_json":{"title":"Appart H\u00f4tel Victoria vous propose des chambres doubles avec canap\u00e9 lit","description":"Chambre, appart double avec canap\u00e9 lit, v\u00e9ritable matelas h\u00f4telier confortable. Kitchenette dans la chambre avec salle de bain priv\u00e9e. Id\u00e9al pour une ou deux personnes, espace de vie gr\u00e2ce au canap\u00e9 lit.","robots":{"index":"index","follow":"follow","max-snippet":"max-snippet:-1","max-image-preview":"max-image-preview:large","max-video-preview":"max-video-preview:-1"},"canonical":"https:\/\/www.apparthotelvictoria.com\/en\/nos-chambres\/lappart-classique\/","og_locale":"en_US","og_type":"article","og_title":"Appart H\u00f4tel Victoria vous propose des chambres doubles avec canap\u00e9 lit","og_description":"Chambre, appart double avec canap\u00e9 lit, v\u00e9ritable matelas h\u00f4telier confortable. Kitchenette dans la chambre avec salle de bain priv\u00e9e. Id\u00e9al pour une ou deux personnes, espace de vie gr\u00e2ce au canap\u00e9 lit.","og_url":"https:\/\/www.apparthotelvictoria.com\/en\/nos-chambres\/lappart-classique\/","og_site_name":"Appart Hotel Victoria","article_modified_time":"2023-10-30T16:43:12+00:00","twitter_card":"summary_large_image","twitter_misc":{"Est. reading time":"1 minute"},"schema":{"@context":"https:\/\/schema.org","@graph":[{"@type":"WebPage","@id":"https:\/\/www.apparthotelvictoria.com\/en\/nos-chambres\/lappart-classique\/","url":"https:\/\/www.apparthotelvictoria.com\/en\/nos-chambres\/lappart-classique\/","name":"Appart H\u00f4tel Victoria vous propose des chambres doubles avec canap\u00e9 lit","isPartOf":{"@id":"https:\/\/www.apparthotelvictoria.com\/en\/#website"},"datePublished":"2021-08-05T11:42:56+00:00","dateModified":"2023-10-30T16:43:12+00:00","description":"Chambre, appart double avec canap\u00e9 lit, v\u00e9ritable matelas h\u00f4telier confortable. Kitchenette dans la chambre avec salle de bain priv\u00e9e. Id\u00e9al pour une ou deux personnes, espace de vie gr\u00e2ce au canap\u00e9 lit.","breadcrumb":{"@id":"https:\/\/www.apparthotelvictoria.com\/en\/nos-chambres\/lappart-classique\/#breadcrumb"},"inLanguage":"en-US","potentialAction":[{"@type":"ReadAction","target":["https:\/\/www.apparthotelvictoria.com\/en\/nos-chambres\/lappart-classique\/"]}]},{"@type":"BreadcrumbList","@id":"https:\/\/www.apparthotelvictoria.com\/en\/nos-chambres\/lappart-classique\/#breadcrumb","itemListElement":[{"@type":"ListItem","position":1,"name":"Home","item":"https:\/\/www.apparthotelvictoria.com\/en\/"},{"@type":"ListItem","position":2,"name":"Our rooms","item":"https:\/\/www.apparthotelvictoria.com\/en\/nos-chambres\/"},{"@type":"ListItem","position":3,"name":"The Classic Apartment"}]},{"@type":"WebSite","@id":"https:\/\/www.apparthotelvictoria.com\/en\/#website","url":"https:\/\/www.apparthotelvictoria.com\/en\/","name":"Appart Hotel Victoria","description":"","potentialAction":[{"@type":"SearchAction","target":{"@type":"EntryPoint","urlTemplate":"https:\/\/www.apparthotelvictoria.com\/en\/?s={search_term_string}"},"query-input":{"@type":"PropertyValueSpecification","valueRequired":true,"valueName":"search_term_string"}}],"inLanguage":"en-US"}]}},"acf":[],"_links":{"self":[{"href":"https:\/\/www.apparthotelvictoria.com\/en\/wp-json\/wp\/v2\/pages\/179","targetHints":{"allow":["GET"]}}],"collection":[{"href":"https:\/\/www.apparthotelvictoria.com\/en\/wp-json\/wp\/v2\/pages"}],"about":[{"href":"https:\/\/www.apparthotelvictoria.com\/en\/wp-json\/wp\/v2\/types\/page"}],"author":[{"embeddable":true,"href":"https:\/\/www.apparthotelvictoria.com\/en\/wp-json\/wp\/v2\/users\/46"}],"replies":[{"embeddable":true,"href":"https:\/\/www.apparthotelvictoria.com\/en\/wp-json\/wp\/v2\/comments?post=179"}],"version-history":[{"count":0,"href":"https:\/\/www.apparthotelvictoria.com\/en\/wp-json\/wp\/v2\/pages\/179\/revisions"}],"up":[{"embeddable":true,"href":"https:\/\/www.apparthotelvictoria.com\/en\/wp-json\/wp\/v2\/pages\/178"}],"wp:attachment":[{"href":"https:\/\/www.apparthotelvictoria.com\/en\/wp-json\/wp\/v2\/media?parent=179"}],"curies":[{"name":"wp","href":"https:\/\/api.w.org\/{rel}","templated":true}]}}