{"id":185,"date":"2021-08-05T11:54:14","date_gmt":"2021-08-05T11:54:14","guid":{"rendered":"https:\/\/www.apparthotelvictoria.com\/nos-services\/"},"modified":"2022-11-22T13:13:54","modified_gmt":"2022-11-22T13:13:54","slug":"nos-services","status":"publish","type":"page","link":"https:\/\/www.apparthotelvictoria.com\/en\/nos-services\/","title":{"rendered":"Our services"},"content":{"rendered":"<p style=\"text-align: center\">We will be delighted to welcome you to our Apart Hotel Victoria during your stay, and we will make every effort to offer the best hospitality to all our customers.<br \/>\nIn addition to our customer service which consists of a reception available 24 hours a day, we offer you a MAISON VICTORIA tea room where you can eat or have a drink.<\/p>\n<p style=\"text-align: center\">Vincennes, city of art and history with the magnificent Ch\u00e2teau de Vincennes, a must-see place located near the Appart H\u00f4tel Victoria, as well as the Bois de Vincennes where you can relax (cycling, jogging, boat, horse&#8230; .) With the children, do not hesitate to go to Disneyland Paris which is 30 minutes away by public transport (RER A), without forgetting the visit of the Eiffel Tower (30 min by metro).<\/p>\n","protected":false},"excerpt":{"rendered":"<p>We will be delighted to welcome you to our Apart Hotel Victoria during your stay, [&hellip;]<\/p>\n","protected":false},"author":46,"featured_media":0,"parent":0,"menu_order":40,"comment_status":"closed","ping_status":"closed","template":"","meta":{"footnotes":""},"class_list":["post-185","page","type-page","status-publish","hentry"],"yoast_head":"<!-- This site is optimized with the Yoast SEO plugin v26.9 - https:\/\/yoast.com\/product\/yoast-seo-wordpress\/ -->\n<title>Appart h\u00f4tel Victoria, vous offre le meilleur de l&#039;hospitalit\u00e9<\/title>\n<meta name=\"description\" content=\"En s\u00e9journant \u00e0 l&#039;Appart H\u00f4tel Victoria, vous pouvez facilement vous rendre dans les lieux touristiques de l&#039;\u00cele de France : Disneyland Paris, Tour Eiffel, Parc Ast\u00e9rix, Bois de Vincennes, Hippodrome de Vincennes.\" \/>\n<meta name=\"robots\" content=\"index, follow, max-snippet:-1, max-image-preview:large, max-video-preview:-1\" \/>\n<link rel=\"canonical\" href=\"https:\/\/www.apparthotelvictoria.com\/en\/nos-services\/\" \/>\n<meta property=\"og:locale\" content=\"en_US\" \/>\n<meta property=\"og:type\" content=\"article\" \/>\n<meta property=\"og:title\" content=\"Appart h\u00f4tel Victoria, vous offre le meilleur de l&#039;hospitalit\u00e9\" \/>\n<meta property=\"og:description\" content=\"En s\u00e9journant \u00e0 l&#039;Appart H\u00f4tel Victoria, vous pouvez facilement vous rendre dans les lieux touristiques de l&#039;\u00cele de France : Disneyland Paris, Tour Eiffel, Parc Ast\u00e9rix, Bois de Vincennes, Hippodrome de Vincennes.\" \/>\n<meta property=\"og:url\" content=\"https:\/\/www.apparthotelvictoria.com\/en\/nos-services\/\" \/>\n<meta property=\"og:site_name\" content=\"Appart Hotel Victoria\" \/>\n<meta property=\"article:modified_time\" content=\"2022-11-22T13:13:54+00:00\" \/>\n<meta name=\"twitter:card\" content=\"summary_large_image\" \/>\n<meta name=\"twitter:label1\" content=\"Est. reading time\" \/>\n\t<meta name=\"twitter:data1\" content=\"1 minute\" \/>\n<script type=\"application\/ld+json\" class=\"yoast-schema-graph\">{\"@context\":\"https:\/\/schema.org\",\"@graph\":[{\"@type\":\"WebPage\",\"@id\":\"https:\/\/www.apparthotelvictoria.com\/en\/nos-services\/\",\"url\":\"https:\/\/www.apparthotelvictoria.com\/en\/nos-services\/\",\"name\":\"Appart h\u00f4tel Victoria, vous offre le meilleur de l'hospitalit\u00e9\",\"isPartOf\":{\"@id\":\"https:\/\/www.apparthotelvictoria.com\/en\/#website\"},\"datePublished\":\"2021-08-05T11:54:14+00:00\",\"dateModified\":\"2022-11-22T13:13:54+00:00\",\"description\":\"En s\u00e9journant \u00e0 l'Appart H\u00f4tel Victoria, vous pouvez facilement vous rendre dans les lieux touristiques de l'\u00cele de France : Disneyland Paris, Tour Eiffel, Parc Ast\u00e9rix, Bois de Vincennes, Hippodrome de Vincennes.\",\"breadcrumb\":{\"@id\":\"https:\/\/www.apparthotelvictoria.com\/en\/nos-services\/#breadcrumb\"},\"inLanguage\":\"en-US\",\"potentialAction\":[{\"@type\":\"ReadAction\",\"target\":[\"https:\/\/www.apparthotelvictoria.com\/en\/nos-services\/\"]}]},{\"@type\":\"BreadcrumbList\",\"@id\":\"https:\/\/www.apparthotelvictoria.com\/en\/nos-services\/#breadcrumb\",\"itemListElement\":[{\"@type\":\"ListItem\",\"position\":1,\"name\":\"Home\",\"item\":\"https:\/\/www.apparthotelvictoria.com\/en\/\"},{\"@type\":\"ListItem\",\"position\":2,\"name\":\"Our services\"}]},{\"@type\":\"WebSite\",\"@id\":\"https:\/\/www.apparthotelvictoria.com\/en\/#website\",\"url\":\"https:\/\/www.apparthotelvictoria.com\/en\/\",\"name\":\"Appart Hotel Victoria\",\"description\":\"\",\"potentialAction\":[{\"@type\":\"SearchAction\",\"target\":{\"@type\":\"EntryPoint\",\"urlTemplate\":\"https:\/\/www.apparthotelvictoria.com\/en\/?s={search_term_string}\"},\"query-input\":{\"@type\":\"PropertyValueSpecification\",\"valueRequired\":true,\"valueName\":\"search_term_string\"}}],\"inLanguage\":\"en-US\"}]}<\/script>\n<!-- \/ Yoast SEO plugin. -->","yoast_head_json":{"title":"Appart h\u00f4tel Victoria, vous offre le meilleur de l'hospitalit\u00e9","description":"En s\u00e9journant \u00e0 l'Appart H\u00f4tel Victoria, vous pouvez facilement vous rendre dans les lieux touristiques de l'\u00cele de France : Disneyland Paris, Tour Eiffel, Parc Ast\u00e9rix, Bois de Vincennes, Hippodrome de Vincennes.","robots":{"index":"index","follow":"follow","max-snippet":"max-snippet:-1","max-image-preview":"max-image-preview:large","max-video-preview":"max-video-preview:-1"},"canonical":"https:\/\/www.apparthotelvictoria.com\/en\/nos-services\/","og_locale":"en_US","og_type":"article","og_title":"Appart h\u00f4tel Victoria, vous offre le meilleur de l'hospitalit\u00e9","og_description":"En s\u00e9journant \u00e0 l'Appart H\u00f4tel Victoria, vous pouvez facilement vous rendre dans les lieux touristiques de l'\u00cele de France : Disneyland Paris, Tour Eiffel, Parc Ast\u00e9rix, Bois de Vincennes, Hippodrome de Vincennes.","og_url":"https:\/\/www.apparthotelvictoria.com\/en\/nos-services\/","og_site_name":"Appart Hotel Victoria","article_modified_time":"2022-11-22T13:13:54+00:00","twitter_card":"summary_large_image","twitter_misc":{"Est. reading time":"1 minute"},"schema":{"@context":"https:\/\/schema.org","@graph":[{"@type":"WebPage","@id":"https:\/\/www.apparthotelvictoria.com\/en\/nos-services\/","url":"https:\/\/www.apparthotelvictoria.com\/en\/nos-services\/","name":"Appart h\u00f4tel Victoria, vous offre le meilleur de l'hospitalit\u00e9","isPartOf":{"@id":"https:\/\/www.apparthotelvictoria.com\/en\/#website"},"datePublished":"2021-08-05T11:54:14+00:00","dateModified":"2022-11-22T13:13:54+00:00","description":"En s\u00e9journant \u00e0 l'Appart H\u00f4tel Victoria, vous pouvez facilement vous rendre dans les lieux touristiques de l'\u00cele de France : Disneyland Paris, Tour Eiffel, Parc Ast\u00e9rix, Bois de Vincennes, Hippodrome de Vincennes.","breadcrumb":{"@id":"https:\/\/www.apparthotelvictoria.com\/en\/nos-services\/#breadcrumb"},"inLanguage":"en-US","potentialAction":[{"@type":"ReadAction","target":["https:\/\/www.apparthotelvictoria.com\/en\/nos-services\/"]}]},{"@type":"BreadcrumbList","@id":"https:\/\/www.apparthotelvictoria.com\/en\/nos-services\/#breadcrumb","itemListElement":[{"@type":"ListItem","position":1,"name":"Home","item":"https:\/\/www.apparthotelvictoria.com\/en\/"},{"@type":"ListItem","position":2,"name":"Our services"}]},{"@type":"WebSite","@id":"https:\/\/www.apparthotelvictoria.com\/en\/#website","url":"https:\/\/www.apparthotelvictoria.com\/en\/","name":"Appart Hotel Victoria","description":"","potentialAction":[{"@type":"SearchAction","target":{"@type":"EntryPoint","urlTemplate":"https:\/\/www.apparthotelvictoria.com\/en\/?s={search_term_string}"},"query-input":{"@type":"PropertyValueSpecification","valueRequired":true,"valueName":"search_term_string"}}],"inLanguage":"en-US"}]}},"acf":[],"_links":{"self":[{"href":"https:\/\/www.apparthotelvictoria.com\/en\/wp-json\/wp\/v2\/pages\/185","targetHints":{"allow":["GET"]}}],"collection":[{"href":"https:\/\/www.apparthotelvictoria.com\/en\/wp-json\/wp\/v2\/pages"}],"about":[{"href":"https:\/\/www.apparthotelvictoria.com\/en\/wp-json\/wp\/v2\/types\/page"}],"author":[{"embeddable":true,"href":"https:\/\/www.apparthotelvictoria.com\/en\/wp-json\/wp\/v2\/users\/46"}],"replies":[{"embeddable":true,"href":"https:\/\/www.apparthotelvictoria.com\/en\/wp-json\/wp\/v2\/comments?post=185"}],"version-history":[{"count":0,"href":"https:\/\/www.apparthotelvictoria.com\/en\/wp-json\/wp\/v2\/pages\/185\/revisions"}],"wp:attachment":[{"href":"https:\/\/www.apparthotelvictoria.com\/en\/wp-json\/wp\/v2\/media?parent=185"}],"curies":[{"name":"wp","href":"https:\/\/api.w.org\/{rel}","templated":true}]}}