{"id":186,"date":"2021-08-05T11:55:25","date_gmt":"2021-08-05T11:55:25","guid":{"rendered":"https:\/\/www.apparthotelvictoria.com\/nos-services\/petite-restauration\/"},"modified":"2022-11-22T13:15:09","modified_gmt":"2022-11-22T13:15:09","slug":"petite-restauration","status":"publish","type":"page","link":"https:\/\/www.apparthotelvictoria.com\/en\/nos-services\/petite-restauration\/","title":{"rendered":"Small Catering"},"content":{"rendered":"<p style=\"text-align: center\">Start your day with breakfast served in your room or in the hotel&#8217;s <strong>MAISON VICTORIA<\/strong> tea room. On the menu of homemade cakes, a savory menu to create your brunch, specialty coffee, fruit juices with seasonal fruits, good cheese, a unique traditional artisan bread&#8230; and much more!<\/p>\n<p style=\"text-align: center\">Would you like to have lunch or dinner in your room? We offer you good traditional dishes prepared in jars, there is something for everyone!<\/p>\n<p style=\"text-align: center\">\n<h3 style=\"text-align: center\"><strong>BREAKFAST HOURS<\/strong><\/h3>\n<p style=\"text-align: center\">From Wednesday to Saturday from 8:00 a.m.<\/p>\n<p style=\"text-align: center\">Sunday from 9:00 a.m.<\/p>\n<p style=\"text-align: center\">Breakfast served in your room on Monday and Tuesday morning<\/p>\n","protected":false},"excerpt":{"rendered":"<p>Start your day with breakfast served in your room or in the hotel&#8217;s MAISON VICTORIA [&hellip;]<\/p>\n","protected":false},"author":46,"featured_media":0,"parent":185,"menu_order":410,"comment_status":"closed","ping_status":"closed","template":"","meta":{"footnotes":""},"class_list":["post-186","page","type-page","status-publish","hentry"],"yoast_head":"<!-- This site is optimized with the Yoast SEO plugin v26.9 - https:\/\/yoast.com\/product\/yoast-seo-wordpress\/ -->\n<title>Appart H\u00f4tel Victoria vous pr\u00e9sente son offre gourmande<\/title>\n<meta name=\"description\" content=\"Venez d\u00e9jeuner \u00e0 Maison Victoria en famille, entre amis autour d&#039;une carte de produits locaux et de saison. D\u00e9couvrez nos petits plats en bocaux pour les d\u00e9guster dans votre chambre.\" \/>\n<meta name=\"robots\" content=\"index, follow, max-snippet:-1, max-image-preview:large, max-video-preview:-1\" \/>\n<link rel=\"canonical\" href=\"https:\/\/www.apparthotelvictoria.com\/en\/nos-services\/petite-restauration\/\" \/>\n<meta property=\"og:locale\" content=\"en_US\" \/>\n<meta property=\"og:type\" content=\"article\" \/>\n<meta property=\"og:title\" content=\"Appart H\u00f4tel Victoria vous pr\u00e9sente son offre gourmande\" \/>\n<meta property=\"og:description\" content=\"Venez d\u00e9jeuner \u00e0 Maison Victoria en famille, entre amis autour d&#039;une carte de produits locaux et de saison. D\u00e9couvrez nos petits plats en bocaux pour les d\u00e9guster dans votre chambre.\" \/>\n<meta property=\"og:url\" content=\"https:\/\/www.apparthotelvictoria.com\/en\/nos-services\/petite-restauration\/\" \/>\n<meta property=\"og:site_name\" content=\"Appart Hotel Victoria\" \/>\n<meta property=\"article:modified_time\" content=\"2022-11-22T13:15:09+00:00\" \/>\n<meta name=\"twitter:card\" content=\"summary_large_image\" \/>\n<meta name=\"twitter:label1\" content=\"Est. reading time\" \/>\n\t<meta name=\"twitter:data1\" content=\"1 minute\" \/>\n<script type=\"application\/ld+json\" class=\"yoast-schema-graph\">{\"@context\":\"https:\/\/schema.org\",\"@graph\":[{\"@type\":\"WebPage\",\"@id\":\"https:\/\/www.apparthotelvictoria.com\/en\/nos-services\/petite-restauration\/\",\"url\":\"https:\/\/www.apparthotelvictoria.com\/en\/nos-services\/petite-restauration\/\",\"name\":\"Appart H\u00f4tel Victoria vous pr\u00e9sente son offre gourmande\",\"isPartOf\":{\"@id\":\"https:\/\/www.apparthotelvictoria.com\/en\/#website\"},\"datePublished\":\"2021-08-05T11:55:25+00:00\",\"dateModified\":\"2022-11-22T13:15:09+00:00\",\"description\":\"Venez d\u00e9jeuner \u00e0 Maison Victoria en famille, entre amis autour d'une carte de produits locaux et de saison. D\u00e9couvrez nos petits plats en bocaux pour les d\u00e9guster dans votre chambre.\",\"breadcrumb\":{\"@id\":\"https:\/\/www.apparthotelvictoria.com\/en\/nos-services\/petite-restauration\/#breadcrumb\"},\"inLanguage\":\"en-US\",\"potentialAction\":[{\"@type\":\"ReadAction\",\"target\":[\"https:\/\/www.apparthotelvictoria.com\/en\/nos-services\/petite-restauration\/\"]}]},{\"@type\":\"BreadcrumbList\",\"@id\":\"https:\/\/www.apparthotelvictoria.com\/en\/nos-services\/petite-restauration\/#breadcrumb\",\"itemListElement\":[{\"@type\":\"ListItem\",\"position\":1,\"name\":\"Home\",\"item\":\"https:\/\/www.apparthotelvictoria.com\/en\/\"},{\"@type\":\"ListItem\",\"position\":2,\"name\":\"Our services\",\"item\":\"https:\/\/www.apparthotelvictoria.com\/en\/nos-services\/\"},{\"@type\":\"ListItem\",\"position\":3,\"name\":\"Small Catering\"}]},{\"@type\":\"WebSite\",\"@id\":\"https:\/\/www.apparthotelvictoria.com\/en\/#website\",\"url\":\"https:\/\/www.apparthotelvictoria.com\/en\/\",\"name\":\"Appart Hotel Victoria\",\"description\":\"\",\"potentialAction\":[{\"@type\":\"SearchAction\",\"target\":{\"@type\":\"EntryPoint\",\"urlTemplate\":\"https:\/\/www.apparthotelvictoria.com\/en\/?s={search_term_string}\"},\"query-input\":{\"@type\":\"PropertyValueSpecification\",\"valueRequired\":true,\"valueName\":\"search_term_string\"}}],\"inLanguage\":\"en-US\"}]}<\/script>\n<!-- \/ Yoast SEO plugin. -->","yoast_head_json":{"title":"Appart H\u00f4tel Victoria vous pr\u00e9sente son offre gourmande","description":"Venez d\u00e9jeuner \u00e0 Maison Victoria en famille, entre amis autour d'une carte de produits locaux et de saison. D\u00e9couvrez nos petits plats en bocaux pour les d\u00e9guster dans votre chambre.","robots":{"index":"index","follow":"follow","max-snippet":"max-snippet:-1","max-image-preview":"max-image-preview:large","max-video-preview":"max-video-preview:-1"},"canonical":"https:\/\/www.apparthotelvictoria.com\/en\/nos-services\/petite-restauration\/","og_locale":"en_US","og_type":"article","og_title":"Appart H\u00f4tel Victoria vous pr\u00e9sente son offre gourmande","og_description":"Venez d\u00e9jeuner \u00e0 Maison Victoria en famille, entre amis autour d'une carte de produits locaux et de saison. D\u00e9couvrez nos petits plats en bocaux pour les d\u00e9guster dans votre chambre.","og_url":"https:\/\/www.apparthotelvictoria.com\/en\/nos-services\/petite-restauration\/","og_site_name":"Appart Hotel Victoria","article_modified_time":"2022-11-22T13:15:09+00:00","twitter_card":"summary_large_image","twitter_misc":{"Est. reading time":"1 minute"},"schema":{"@context":"https:\/\/schema.org","@graph":[{"@type":"WebPage","@id":"https:\/\/www.apparthotelvictoria.com\/en\/nos-services\/petite-restauration\/","url":"https:\/\/www.apparthotelvictoria.com\/en\/nos-services\/petite-restauration\/","name":"Appart H\u00f4tel Victoria vous pr\u00e9sente son offre gourmande","isPartOf":{"@id":"https:\/\/www.apparthotelvictoria.com\/en\/#website"},"datePublished":"2021-08-05T11:55:25+00:00","dateModified":"2022-11-22T13:15:09+00:00","description":"Venez d\u00e9jeuner \u00e0 Maison Victoria en famille, entre amis autour d'une carte de produits locaux et de saison. D\u00e9couvrez nos petits plats en bocaux pour les d\u00e9guster dans votre chambre.","breadcrumb":{"@id":"https:\/\/www.apparthotelvictoria.com\/en\/nos-services\/petite-restauration\/#breadcrumb"},"inLanguage":"en-US","potentialAction":[{"@type":"ReadAction","target":["https:\/\/www.apparthotelvictoria.com\/en\/nos-services\/petite-restauration\/"]}]},{"@type":"BreadcrumbList","@id":"https:\/\/www.apparthotelvictoria.com\/en\/nos-services\/petite-restauration\/#breadcrumb","itemListElement":[{"@type":"ListItem","position":1,"name":"Home","item":"https:\/\/www.apparthotelvictoria.com\/en\/"},{"@type":"ListItem","position":2,"name":"Our services","item":"https:\/\/www.apparthotelvictoria.com\/en\/nos-services\/"},{"@type":"ListItem","position":3,"name":"Small Catering"}]},{"@type":"WebSite","@id":"https:\/\/www.apparthotelvictoria.com\/en\/#website","url":"https:\/\/www.apparthotelvictoria.com\/en\/","name":"Appart Hotel Victoria","description":"","potentialAction":[{"@type":"SearchAction","target":{"@type":"EntryPoint","urlTemplate":"https:\/\/www.apparthotelvictoria.com\/en\/?s={search_term_string}"},"query-input":{"@type":"PropertyValueSpecification","valueRequired":true,"valueName":"search_term_string"}}],"inLanguage":"en-US"}]}},"acf":[],"_links":{"self":[{"href":"https:\/\/www.apparthotelvictoria.com\/en\/wp-json\/wp\/v2\/pages\/186","targetHints":{"allow":["GET"]}}],"collection":[{"href":"https:\/\/www.apparthotelvictoria.com\/en\/wp-json\/wp\/v2\/pages"}],"about":[{"href":"https:\/\/www.apparthotelvictoria.com\/en\/wp-json\/wp\/v2\/types\/page"}],"author":[{"embeddable":true,"href":"https:\/\/www.apparthotelvictoria.com\/en\/wp-json\/wp\/v2\/users\/46"}],"replies":[{"embeddable":true,"href":"https:\/\/www.apparthotelvictoria.com\/en\/wp-json\/wp\/v2\/comments?post=186"}],"version-history":[{"count":0,"href":"https:\/\/www.apparthotelvictoria.com\/en\/wp-json\/wp\/v2\/pages\/186\/revisions"}],"up":[{"embeddable":true,"href":"https:\/\/www.apparthotelvictoria.com\/en\/wp-json\/wp\/v2\/pages\/185"}],"wp:attachment":[{"href":"https:\/\/www.apparthotelvictoria.com\/en\/wp-json\/wp\/v2\/media?parent=186"}],"curies":[{"name":"wp","href":"https:\/\/api.w.org\/{rel}","templated":true}]}}