{"id":187,"date":"2021-08-05T12:03:14","date_gmt":"2021-08-05T12:03:14","guid":{"rendered":"https:\/\/www.apparthotelvictoria.com\/nos-services\/loisirs\/"},"modified":"2022-11-22T13:16:17","modified_gmt":"2022-11-22T13:16:17","slug":"loisirs","status":"publish","type":"page","link":"https:\/\/www.apparthotelvictoria.com\/en\/nos-services\/loisirs\/","title":{"rendered":"Leisure"},"content":{"rendered":"<p style=\"text-align: center\">Just a stone&#8217;s throw from the Bois de Vincennes, let yourself be carried away by a walk, bike ride or boat ride.<\/p>\n<p style=\"text-align: center\">Also discover the Parc Floral de Paris and the Zoo de Vincennes which are landscapes in motion, unique places of observation, but above all of relaxation for lovers of floral art, animal enthusiasts and nature walks. For young or old, everything is set up to satisfy everyone&#8217;s desires.<\/p>\n","protected":false},"excerpt":{"rendered":"<p>Just a stone&#8217;s throw from the Bois de Vincennes, let yourself be carried away by [&hellip;]<\/p>\n","protected":false},"author":46,"featured_media":0,"parent":185,"menu_order":430,"comment_status":"closed","ping_status":"closed","template":"","meta":{"footnotes":""},"class_list":["post-187","page","type-page","status-publish","hentry"],"yoast_head":"<!-- This site is optimized with the Yoast SEO plugin v26.9 - https:\/\/yoast.com\/product\/yoast-seo-wordpress\/ -->\n<title>Appart H\u00f4tel Victoria est situ\u00e9 \u00e0 proximit\u00e9 de lieux de loisirs<\/title>\n<meta name=\"description\" content=\"L&#039;Appart H\u00f4tel Victoria se situe \u00e0 proximit\u00e9 du Bois de Vincennes, vous pouvez vous y balader \u00e0 pied ou encore \u00e0 v\u00e9lo, d\u00e9couvrir le Parc Floral, le Parc Zoologique de Paris.\" \/>\n<meta name=\"robots\" content=\"index, follow, max-snippet:-1, max-image-preview:large, max-video-preview:-1\" \/>\n<link rel=\"canonical\" href=\"https:\/\/www.apparthotelvictoria.com\/en\/nos-services\/loisirs\/\" \/>\n<meta property=\"og:locale\" content=\"en_US\" \/>\n<meta property=\"og:type\" content=\"article\" \/>\n<meta property=\"og:title\" content=\"Appart H\u00f4tel Victoria est situ\u00e9 \u00e0 proximit\u00e9 de lieux de loisirs\" \/>\n<meta property=\"og:description\" content=\"L&#039;Appart H\u00f4tel Victoria se situe \u00e0 proximit\u00e9 du Bois de Vincennes, vous pouvez vous y balader \u00e0 pied ou encore \u00e0 v\u00e9lo, d\u00e9couvrir le Parc Floral, le Parc Zoologique de Paris.\" \/>\n<meta property=\"og:url\" content=\"https:\/\/www.apparthotelvictoria.com\/en\/nos-services\/loisirs\/\" \/>\n<meta property=\"og:site_name\" content=\"Appart Hotel Victoria\" \/>\n<meta property=\"article:modified_time\" content=\"2022-11-22T13:16:17+00:00\" \/>\n<meta name=\"twitter:card\" content=\"summary_large_image\" \/>\n<meta name=\"twitter:label1\" content=\"Est. reading time\" \/>\n\t<meta name=\"twitter:data1\" content=\"1 minute\" \/>\n<script type=\"application\/ld+json\" class=\"yoast-schema-graph\">{\"@context\":\"https:\/\/schema.org\",\"@graph\":[{\"@type\":\"WebPage\",\"@id\":\"https:\/\/www.apparthotelvictoria.com\/en\/nos-services\/loisirs\/\",\"url\":\"https:\/\/www.apparthotelvictoria.com\/en\/nos-services\/loisirs\/\",\"name\":\"Appart H\u00f4tel Victoria est situ\u00e9 \u00e0 proximit\u00e9 de lieux de loisirs\",\"isPartOf\":{\"@id\":\"https:\/\/www.apparthotelvictoria.com\/en\/#website\"},\"datePublished\":\"2021-08-05T12:03:14+00:00\",\"dateModified\":\"2022-11-22T13:16:17+00:00\",\"description\":\"L'Appart H\u00f4tel Victoria se situe \u00e0 proximit\u00e9 du Bois de Vincennes, vous pouvez vous y balader \u00e0 pied ou encore \u00e0 v\u00e9lo, d\u00e9couvrir le Parc Floral, le Parc Zoologique de Paris.\",\"breadcrumb\":{\"@id\":\"https:\/\/www.apparthotelvictoria.com\/en\/nos-services\/loisirs\/#breadcrumb\"},\"inLanguage\":\"en-US\",\"potentialAction\":[{\"@type\":\"ReadAction\",\"target\":[\"https:\/\/www.apparthotelvictoria.com\/en\/nos-services\/loisirs\/\"]}]},{\"@type\":\"BreadcrumbList\",\"@id\":\"https:\/\/www.apparthotelvictoria.com\/en\/nos-services\/loisirs\/#breadcrumb\",\"itemListElement\":[{\"@type\":\"ListItem\",\"position\":1,\"name\":\"Home\",\"item\":\"https:\/\/www.apparthotelvictoria.com\/en\/\"},{\"@type\":\"ListItem\",\"position\":2,\"name\":\"Our services\",\"item\":\"https:\/\/www.apparthotelvictoria.com\/en\/nos-services\/\"},{\"@type\":\"ListItem\",\"position\":3,\"name\":\"Leisure\"}]},{\"@type\":\"WebSite\",\"@id\":\"https:\/\/www.apparthotelvictoria.com\/en\/#website\",\"url\":\"https:\/\/www.apparthotelvictoria.com\/en\/\",\"name\":\"Appart Hotel Victoria\",\"description\":\"\",\"potentialAction\":[{\"@type\":\"SearchAction\",\"target\":{\"@type\":\"EntryPoint\",\"urlTemplate\":\"https:\/\/www.apparthotelvictoria.com\/en\/?s={search_term_string}\"},\"query-input\":{\"@type\":\"PropertyValueSpecification\",\"valueRequired\":true,\"valueName\":\"search_term_string\"}}],\"inLanguage\":\"en-US\"}]}<\/script>\n<!-- \/ Yoast SEO plugin. -->","yoast_head_json":{"title":"Appart H\u00f4tel Victoria est situ\u00e9 \u00e0 proximit\u00e9 de lieux de loisirs","description":"L'Appart H\u00f4tel Victoria se situe \u00e0 proximit\u00e9 du Bois de Vincennes, vous pouvez vous y balader \u00e0 pied ou encore \u00e0 v\u00e9lo, d\u00e9couvrir le Parc Floral, le Parc Zoologique de Paris.","robots":{"index":"index","follow":"follow","max-snippet":"max-snippet:-1","max-image-preview":"max-image-preview:large","max-video-preview":"max-video-preview:-1"},"canonical":"https:\/\/www.apparthotelvictoria.com\/en\/nos-services\/loisirs\/","og_locale":"en_US","og_type":"article","og_title":"Appart H\u00f4tel Victoria est situ\u00e9 \u00e0 proximit\u00e9 de lieux de loisirs","og_description":"L'Appart H\u00f4tel Victoria se situe \u00e0 proximit\u00e9 du Bois de Vincennes, vous pouvez vous y balader \u00e0 pied ou encore \u00e0 v\u00e9lo, d\u00e9couvrir le Parc Floral, le Parc Zoologique de Paris.","og_url":"https:\/\/www.apparthotelvictoria.com\/en\/nos-services\/loisirs\/","og_site_name":"Appart Hotel Victoria","article_modified_time":"2022-11-22T13:16:17+00:00","twitter_card":"summary_large_image","twitter_misc":{"Est. reading time":"1 minute"},"schema":{"@context":"https:\/\/schema.org","@graph":[{"@type":"WebPage","@id":"https:\/\/www.apparthotelvictoria.com\/en\/nos-services\/loisirs\/","url":"https:\/\/www.apparthotelvictoria.com\/en\/nos-services\/loisirs\/","name":"Appart H\u00f4tel Victoria est situ\u00e9 \u00e0 proximit\u00e9 de lieux de loisirs","isPartOf":{"@id":"https:\/\/www.apparthotelvictoria.com\/en\/#website"},"datePublished":"2021-08-05T12:03:14+00:00","dateModified":"2022-11-22T13:16:17+00:00","description":"L'Appart H\u00f4tel Victoria se situe \u00e0 proximit\u00e9 du Bois de Vincennes, vous pouvez vous y balader \u00e0 pied ou encore \u00e0 v\u00e9lo, d\u00e9couvrir le Parc Floral, le Parc Zoologique de Paris.","breadcrumb":{"@id":"https:\/\/www.apparthotelvictoria.com\/en\/nos-services\/loisirs\/#breadcrumb"},"inLanguage":"en-US","potentialAction":[{"@type":"ReadAction","target":["https:\/\/www.apparthotelvictoria.com\/en\/nos-services\/loisirs\/"]}]},{"@type":"BreadcrumbList","@id":"https:\/\/www.apparthotelvictoria.com\/en\/nos-services\/loisirs\/#breadcrumb","itemListElement":[{"@type":"ListItem","position":1,"name":"Home","item":"https:\/\/www.apparthotelvictoria.com\/en\/"},{"@type":"ListItem","position":2,"name":"Our services","item":"https:\/\/www.apparthotelvictoria.com\/en\/nos-services\/"},{"@type":"ListItem","position":3,"name":"Leisure"}]},{"@type":"WebSite","@id":"https:\/\/www.apparthotelvictoria.com\/en\/#website","url":"https:\/\/www.apparthotelvictoria.com\/en\/","name":"Appart Hotel Victoria","description":"","potentialAction":[{"@type":"SearchAction","target":{"@type":"EntryPoint","urlTemplate":"https:\/\/www.apparthotelvictoria.com\/en\/?s={search_term_string}"},"query-input":{"@type":"PropertyValueSpecification","valueRequired":true,"valueName":"search_term_string"}}],"inLanguage":"en-US"}]}},"acf":[],"_links":{"self":[{"href":"https:\/\/www.apparthotelvictoria.com\/en\/wp-json\/wp\/v2\/pages\/187","targetHints":{"allow":["GET"]}}],"collection":[{"href":"https:\/\/www.apparthotelvictoria.com\/en\/wp-json\/wp\/v2\/pages"}],"about":[{"href":"https:\/\/www.apparthotelvictoria.com\/en\/wp-json\/wp\/v2\/types\/page"}],"author":[{"embeddable":true,"href":"https:\/\/www.apparthotelvictoria.com\/en\/wp-json\/wp\/v2\/users\/46"}],"replies":[{"embeddable":true,"href":"https:\/\/www.apparthotelvictoria.com\/en\/wp-json\/wp\/v2\/comments?post=187"}],"version-history":[{"count":0,"href":"https:\/\/www.apparthotelvictoria.com\/en\/wp-json\/wp\/v2\/pages\/187\/revisions"}],"up":[{"embeddable":true,"href":"https:\/\/www.apparthotelvictoria.com\/en\/wp-json\/wp\/v2\/pages\/185"}],"wp:attachment":[{"href":"https:\/\/www.apparthotelvictoria.com\/en\/wp-json\/wp\/v2\/media?parent=187"}],"curies":[{"name":"wp","href":"https:\/\/api.w.org\/{rel}","templated":true}]}}