{"id":188,"date":"2021-08-05T12:05:47","date_gmt":"2021-08-05T12:05:47","guid":{"rendered":"https:\/\/www.apparthotelvictoria.com\/nous-trouver\/"},"modified":"2022-11-22T13:17:40","modified_gmt":"2022-11-22T13:17:40","slug":"nous-trouver","status":"publish","type":"page","link":"https:\/\/www.apparthotelvictoria.com\/en\/nous-trouver\/","title":{"rendered":"Find us"},"content":{"rendered":"<p style=\"text-align: center\">The Appart H\u00f4tel Victoria is located in the heart of Vincennes, at the gates of Paris.<\/p>\n<h3 style=\"text-align: center\">To join us :<\/h3>\n<p style=\"text-align: center\">&#8211; By public transport: Vincennes RER station (RER A) or Metro Ch\u00e2teau de Vincennes (Line 1)<br \/>\n&#8211; By car: Indigo Vincennes Marigny Ch\u00e2teau car park (Cours Marigny Vincennes 94300)<br \/>\n&#8211; By plane: Orly Airport, Roissy Charles de Gaulle Airport<br \/>\n&#8211; By train: Gare de Lyon (5km)<\/p>\n","protected":false},"excerpt":{"rendered":"<p>The Appart H\u00f4tel Victoria is located in the heart of Vincennes, at the gates of [&hellip;]<\/p>\n","protected":false},"author":46,"featured_media":0,"parent":0,"menu_order":50,"comment_status":"closed","ping_status":"closed","template":"template-location.php","meta":{"footnotes":""},"class_list":["post-188","page","type-page","status-publish","hentry"],"yoast_head":"<!-- This site is optimized with the Yoast SEO plugin v26.9 - https:\/\/yoast.com\/product\/yoast-seo-wordpress\/ -->\n<title>L&#039;Appart H\u00f4tel Victoria se situe \u00e0 Vincennes, facilement accessible<\/title>\n<meta name=\"description\" content=\"L&#039;Appart H\u00f4tel Victoria est situ\u00e9 \u00e0 Vincennes, \u00e0 deux pas de Paris, accessible en transports en commun, en voiture, en train. Station Ch\u00e2teau de Vincennes, Gare de bus de Vincennes, Gare de Lyon.\" \/>\n<meta name=\"robots\" content=\"index, follow, max-snippet:-1, max-image-preview:large, max-video-preview:-1\" \/>\n<link rel=\"canonical\" href=\"https:\/\/www.apparthotelvictoria.com\/en\/nous-trouver\/\" \/>\n<meta property=\"og:locale\" content=\"en_US\" \/>\n<meta property=\"og:type\" content=\"article\" \/>\n<meta property=\"og:title\" content=\"L&#039;Appart H\u00f4tel Victoria se situe \u00e0 Vincennes, facilement accessible\" \/>\n<meta property=\"og:description\" content=\"L&#039;Appart H\u00f4tel Victoria est situ\u00e9 \u00e0 Vincennes, \u00e0 deux pas de Paris, accessible en transports en commun, en voiture, en train. Station Ch\u00e2teau de Vincennes, Gare de bus de Vincennes, Gare de Lyon.\" \/>\n<meta property=\"og:url\" content=\"https:\/\/www.apparthotelvictoria.com\/en\/nous-trouver\/\" \/>\n<meta property=\"og:site_name\" content=\"Appart Hotel Victoria\" \/>\n<meta property=\"article:modified_time\" content=\"2022-11-22T13:17:40+00:00\" \/>\n<meta name=\"twitter:card\" content=\"summary_large_image\" \/>\n<meta name=\"twitter:label1\" content=\"Est. reading time\" \/>\n\t<meta name=\"twitter:data1\" content=\"1 minute\" \/>\n<script type=\"application\/ld+json\" class=\"yoast-schema-graph\">{\"@context\":\"https:\/\/schema.org\",\"@graph\":[{\"@type\":\"WebPage\",\"@id\":\"https:\/\/www.apparthotelvictoria.com\/en\/nous-trouver\/\",\"url\":\"https:\/\/www.apparthotelvictoria.com\/en\/nous-trouver\/\",\"name\":\"L'Appart H\u00f4tel Victoria se situe \u00e0 Vincennes, facilement accessible\",\"isPartOf\":{\"@id\":\"https:\/\/www.apparthotelvictoria.com\/en\/#website\"},\"datePublished\":\"2021-08-05T12:05:47+00:00\",\"dateModified\":\"2022-11-22T13:17:40+00:00\",\"description\":\"L'Appart H\u00f4tel Victoria est situ\u00e9 \u00e0 Vincennes, \u00e0 deux pas de Paris, accessible en transports en commun, en voiture, en train. Station Ch\u00e2teau de Vincennes, Gare de bus de Vincennes, Gare de Lyon.\",\"breadcrumb\":{\"@id\":\"https:\/\/www.apparthotelvictoria.com\/en\/nous-trouver\/#breadcrumb\"},\"inLanguage\":\"en-US\",\"potentialAction\":[{\"@type\":\"ReadAction\",\"target\":[\"https:\/\/www.apparthotelvictoria.com\/en\/nous-trouver\/\"]}]},{\"@type\":\"BreadcrumbList\",\"@id\":\"https:\/\/www.apparthotelvictoria.com\/en\/nous-trouver\/#breadcrumb\",\"itemListElement\":[{\"@type\":\"ListItem\",\"position\":1,\"name\":\"Home\",\"item\":\"https:\/\/www.apparthotelvictoria.com\/en\/\"},{\"@type\":\"ListItem\",\"position\":2,\"name\":\"Find us\"}]},{\"@type\":\"WebSite\",\"@id\":\"https:\/\/www.apparthotelvictoria.com\/en\/#website\",\"url\":\"https:\/\/www.apparthotelvictoria.com\/en\/\",\"name\":\"Appart Hotel Victoria\",\"description\":\"\",\"potentialAction\":[{\"@type\":\"SearchAction\",\"target\":{\"@type\":\"EntryPoint\",\"urlTemplate\":\"https:\/\/www.apparthotelvictoria.com\/en\/?s={search_term_string}\"},\"query-input\":{\"@type\":\"PropertyValueSpecification\",\"valueRequired\":true,\"valueName\":\"search_term_string\"}}],\"inLanguage\":\"en-US\"}]}<\/script>\n<!-- \/ Yoast SEO plugin. -->","yoast_head_json":{"title":"L'Appart H\u00f4tel Victoria se situe \u00e0 Vincennes, facilement accessible","description":"L'Appart H\u00f4tel Victoria est situ\u00e9 \u00e0 Vincennes, \u00e0 deux pas de Paris, accessible en transports en commun, en voiture, en train. Station Ch\u00e2teau de Vincennes, Gare de bus de Vincennes, Gare de Lyon.","robots":{"index":"index","follow":"follow","max-snippet":"max-snippet:-1","max-image-preview":"max-image-preview:large","max-video-preview":"max-video-preview:-1"},"canonical":"https:\/\/www.apparthotelvictoria.com\/en\/nous-trouver\/","og_locale":"en_US","og_type":"article","og_title":"L'Appart H\u00f4tel Victoria se situe \u00e0 Vincennes, facilement accessible","og_description":"L'Appart H\u00f4tel Victoria est situ\u00e9 \u00e0 Vincennes, \u00e0 deux pas de Paris, accessible en transports en commun, en voiture, en train. Station Ch\u00e2teau de Vincennes, Gare de bus de Vincennes, Gare de Lyon.","og_url":"https:\/\/www.apparthotelvictoria.com\/en\/nous-trouver\/","og_site_name":"Appart Hotel Victoria","article_modified_time":"2022-11-22T13:17:40+00:00","twitter_card":"summary_large_image","twitter_misc":{"Est. reading time":"1 minute"},"schema":{"@context":"https:\/\/schema.org","@graph":[{"@type":"WebPage","@id":"https:\/\/www.apparthotelvictoria.com\/en\/nous-trouver\/","url":"https:\/\/www.apparthotelvictoria.com\/en\/nous-trouver\/","name":"L'Appart H\u00f4tel Victoria se situe \u00e0 Vincennes, facilement accessible","isPartOf":{"@id":"https:\/\/www.apparthotelvictoria.com\/en\/#website"},"datePublished":"2021-08-05T12:05:47+00:00","dateModified":"2022-11-22T13:17:40+00:00","description":"L'Appart H\u00f4tel Victoria est situ\u00e9 \u00e0 Vincennes, \u00e0 deux pas de Paris, accessible en transports en commun, en voiture, en train. Station Ch\u00e2teau de Vincennes, Gare de bus de Vincennes, Gare de Lyon.","breadcrumb":{"@id":"https:\/\/www.apparthotelvictoria.com\/en\/nous-trouver\/#breadcrumb"},"inLanguage":"en-US","potentialAction":[{"@type":"ReadAction","target":["https:\/\/www.apparthotelvictoria.com\/en\/nous-trouver\/"]}]},{"@type":"BreadcrumbList","@id":"https:\/\/www.apparthotelvictoria.com\/en\/nous-trouver\/#breadcrumb","itemListElement":[{"@type":"ListItem","position":1,"name":"Home","item":"https:\/\/www.apparthotelvictoria.com\/en\/"},{"@type":"ListItem","position":2,"name":"Find us"}]},{"@type":"WebSite","@id":"https:\/\/www.apparthotelvictoria.com\/en\/#website","url":"https:\/\/www.apparthotelvictoria.com\/en\/","name":"Appart Hotel Victoria","description":"","potentialAction":[{"@type":"SearchAction","target":{"@type":"EntryPoint","urlTemplate":"https:\/\/www.apparthotelvictoria.com\/en\/?s={search_term_string}"},"query-input":{"@type":"PropertyValueSpecification","valueRequired":true,"valueName":"search_term_string"}}],"inLanguage":"en-US"}]}},"acf":[],"_links":{"self":[{"href":"https:\/\/www.apparthotelvictoria.com\/en\/wp-json\/wp\/v2\/pages\/188","targetHints":{"allow":["GET"]}}],"collection":[{"href":"https:\/\/www.apparthotelvictoria.com\/en\/wp-json\/wp\/v2\/pages"}],"about":[{"href":"https:\/\/www.apparthotelvictoria.com\/en\/wp-json\/wp\/v2\/types\/page"}],"author":[{"embeddable":true,"href":"https:\/\/www.apparthotelvictoria.com\/en\/wp-json\/wp\/v2\/users\/46"}],"replies":[{"embeddable":true,"href":"https:\/\/www.apparthotelvictoria.com\/en\/wp-json\/wp\/v2\/comments?post=188"}],"version-history":[{"count":0,"href":"https:\/\/www.apparthotelvictoria.com\/en\/wp-json\/wp\/v2\/pages\/188\/revisions"}],"wp:attachment":[{"href":"https:\/\/www.apparthotelvictoria.com\/en\/wp-json\/wp\/v2\/media?parent=188"}],"curies":[{"name":"wp","href":"https:\/\/api.w.org\/{rel}","templated":true}]}}