{"id":189,"date":"2021-08-05T12:07:17","date_gmt":"2021-08-05T12:07:17","guid":{"rendered":"https:\/\/www.apparthotelvictoria.com\/nos-offres-speciales\/"},"modified":"2022-11-22T13:18:46","modified_gmt":"2022-11-22T13:18:46","slug":"nos-offres-speciales","status":"publish","type":"page","link":"https:\/\/www.apparthotelvictoria.com\/en\/nos-offres-speciales\/","title":{"rendered":"Our special offers"},"content":{"rendered":"<p style=\"text-align: center\">We offer many offers to make you live a pleasant stay.<\/p>\n<p style=\"text-align: center\">All our offers can be offered in the form of gift vouchers.<\/p>\n","protected":false},"excerpt":{"rendered":"<p>We offer many offers to make you live a pleasant stay. All our offers can [&hellip;]<\/p>\n","protected":false},"author":46,"featured_media":0,"parent":0,"menu_order":60,"comment_status":"closed","ping_status":"closed","template":"template-special-offers.php","meta":{"footnotes":""},"class_list":["post-189","page","type-page","status-publish","hentry"],"yoast_head":"<!-- This site is optimized with the Yoast SEO plugin v26.9 - https:\/\/yoast.com\/product\/yoast-seo-wordpress\/ -->\n<title>Appart H\u00f4tel Victoria vous pr\u00e9sente ses offres<\/title>\n<meta name=\"description\" content=\"Appart H\u00f4tel Victoria propose des offres adapt\u00e9es \u00e0 chacun, annulation gratuite, offre non remboursable ou encore offre avec petit d\u00e9jeuner.\" \/>\n<meta name=\"robots\" content=\"index, follow, max-snippet:-1, max-image-preview:large, max-video-preview:-1\" \/>\n<link rel=\"canonical\" href=\"https:\/\/www.apparthotelvictoria.com\/en\/nos-offres-speciales\/\" \/>\n<meta property=\"og:locale\" content=\"en_US\" \/>\n<meta property=\"og:type\" content=\"article\" \/>\n<meta property=\"og:title\" content=\"Appart H\u00f4tel Victoria vous pr\u00e9sente ses offres\" \/>\n<meta property=\"og:description\" content=\"Appart H\u00f4tel Victoria propose des offres adapt\u00e9es \u00e0 chacun, annulation gratuite, offre non remboursable ou encore offre avec petit d\u00e9jeuner.\" \/>\n<meta property=\"og:url\" content=\"https:\/\/www.apparthotelvictoria.com\/en\/nos-offres-speciales\/\" \/>\n<meta property=\"og:site_name\" content=\"Appart Hotel Victoria\" \/>\n<meta property=\"article:modified_time\" content=\"2022-11-22T13:18:46+00:00\" \/>\n<meta name=\"twitter:card\" content=\"summary_large_image\" \/>\n<meta name=\"twitter:label1\" content=\"Est. reading time\" \/>\n\t<meta name=\"twitter:data1\" content=\"1 minute\" \/>\n<script type=\"application\/ld+json\" class=\"yoast-schema-graph\">{\"@context\":\"https:\/\/schema.org\",\"@graph\":[{\"@type\":\"WebPage\",\"@id\":\"https:\/\/www.apparthotelvictoria.com\/en\/nos-offres-speciales\/\",\"url\":\"https:\/\/www.apparthotelvictoria.com\/en\/nos-offres-speciales\/\",\"name\":\"Appart H\u00f4tel Victoria vous pr\u00e9sente ses offres\",\"isPartOf\":{\"@id\":\"https:\/\/www.apparthotelvictoria.com\/en\/#website\"},\"datePublished\":\"2021-08-05T12:07:17+00:00\",\"dateModified\":\"2022-11-22T13:18:46+00:00\",\"description\":\"Appart H\u00f4tel Victoria propose des offres adapt\u00e9es \u00e0 chacun, annulation gratuite, offre non remboursable ou encore offre avec petit d\u00e9jeuner.\",\"breadcrumb\":{\"@id\":\"https:\/\/www.apparthotelvictoria.com\/en\/nos-offres-speciales\/#breadcrumb\"},\"inLanguage\":\"en-US\",\"potentialAction\":[{\"@type\":\"ReadAction\",\"target\":[\"https:\/\/www.apparthotelvictoria.com\/en\/nos-offres-speciales\/\"]}]},{\"@type\":\"BreadcrumbList\",\"@id\":\"https:\/\/www.apparthotelvictoria.com\/en\/nos-offres-speciales\/#breadcrumb\",\"itemListElement\":[{\"@type\":\"ListItem\",\"position\":1,\"name\":\"Home\",\"item\":\"https:\/\/www.apparthotelvictoria.com\/en\/\"},{\"@type\":\"ListItem\",\"position\":2,\"name\":\"Our special offers\"}]},{\"@type\":\"WebSite\",\"@id\":\"https:\/\/www.apparthotelvictoria.com\/en\/#website\",\"url\":\"https:\/\/www.apparthotelvictoria.com\/en\/\",\"name\":\"Appart Hotel Victoria\",\"description\":\"\",\"potentialAction\":[{\"@type\":\"SearchAction\",\"target\":{\"@type\":\"EntryPoint\",\"urlTemplate\":\"https:\/\/www.apparthotelvictoria.com\/en\/?s={search_term_string}\"},\"query-input\":{\"@type\":\"PropertyValueSpecification\",\"valueRequired\":true,\"valueName\":\"search_term_string\"}}],\"inLanguage\":\"en-US\"}]}<\/script>\n<!-- \/ Yoast SEO plugin. -->","yoast_head_json":{"title":"Appart H\u00f4tel Victoria vous pr\u00e9sente ses offres","description":"Appart H\u00f4tel Victoria propose des offres adapt\u00e9es \u00e0 chacun, annulation gratuite, offre non remboursable ou encore offre avec petit d\u00e9jeuner.","robots":{"index":"index","follow":"follow","max-snippet":"max-snippet:-1","max-image-preview":"max-image-preview:large","max-video-preview":"max-video-preview:-1"},"canonical":"https:\/\/www.apparthotelvictoria.com\/en\/nos-offres-speciales\/","og_locale":"en_US","og_type":"article","og_title":"Appart H\u00f4tel Victoria vous pr\u00e9sente ses offres","og_description":"Appart H\u00f4tel Victoria propose des offres adapt\u00e9es \u00e0 chacun, annulation gratuite, offre non remboursable ou encore offre avec petit d\u00e9jeuner.","og_url":"https:\/\/www.apparthotelvictoria.com\/en\/nos-offres-speciales\/","og_site_name":"Appart Hotel Victoria","article_modified_time":"2022-11-22T13:18:46+00:00","twitter_card":"summary_large_image","twitter_misc":{"Est. reading time":"1 minute"},"schema":{"@context":"https:\/\/schema.org","@graph":[{"@type":"WebPage","@id":"https:\/\/www.apparthotelvictoria.com\/en\/nos-offres-speciales\/","url":"https:\/\/www.apparthotelvictoria.com\/en\/nos-offres-speciales\/","name":"Appart H\u00f4tel Victoria vous pr\u00e9sente ses offres","isPartOf":{"@id":"https:\/\/www.apparthotelvictoria.com\/en\/#website"},"datePublished":"2021-08-05T12:07:17+00:00","dateModified":"2022-11-22T13:18:46+00:00","description":"Appart H\u00f4tel Victoria propose des offres adapt\u00e9es \u00e0 chacun, annulation gratuite, offre non remboursable ou encore offre avec petit d\u00e9jeuner.","breadcrumb":{"@id":"https:\/\/www.apparthotelvictoria.com\/en\/nos-offres-speciales\/#breadcrumb"},"inLanguage":"en-US","potentialAction":[{"@type":"ReadAction","target":["https:\/\/www.apparthotelvictoria.com\/en\/nos-offres-speciales\/"]}]},{"@type":"BreadcrumbList","@id":"https:\/\/www.apparthotelvictoria.com\/en\/nos-offres-speciales\/#breadcrumb","itemListElement":[{"@type":"ListItem","position":1,"name":"Home","item":"https:\/\/www.apparthotelvictoria.com\/en\/"},{"@type":"ListItem","position":2,"name":"Our special offers"}]},{"@type":"WebSite","@id":"https:\/\/www.apparthotelvictoria.com\/en\/#website","url":"https:\/\/www.apparthotelvictoria.com\/en\/","name":"Appart Hotel Victoria","description":"","potentialAction":[{"@type":"SearchAction","target":{"@type":"EntryPoint","urlTemplate":"https:\/\/www.apparthotelvictoria.com\/en\/?s={search_term_string}"},"query-input":{"@type":"PropertyValueSpecification","valueRequired":true,"valueName":"search_term_string"}}],"inLanguage":"en-US"}]}},"acf":[],"_links":{"self":[{"href":"https:\/\/www.apparthotelvictoria.com\/en\/wp-json\/wp\/v2\/pages\/189","targetHints":{"allow":["GET"]}}],"collection":[{"href":"https:\/\/www.apparthotelvictoria.com\/en\/wp-json\/wp\/v2\/pages"}],"about":[{"href":"https:\/\/www.apparthotelvictoria.com\/en\/wp-json\/wp\/v2\/types\/page"}],"author":[{"embeddable":true,"href":"https:\/\/www.apparthotelvictoria.com\/en\/wp-json\/wp\/v2\/users\/46"}],"replies":[{"embeddable":true,"href":"https:\/\/www.apparthotelvictoria.com\/en\/wp-json\/wp\/v2\/comments?post=189"}],"version-history":[{"count":0,"href":"https:\/\/www.apparthotelvictoria.com\/en\/wp-json\/wp\/v2\/pages\/189\/revisions"}],"wp:attachment":[{"href":"https:\/\/www.apparthotelvictoria.com\/en\/wp-json\/wp\/v2\/media?parent=189"}],"curies":[{"name":"wp","href":"https:\/\/api.w.org\/{rel}","templated":true}]}}